{"id":2788,"date":"2019-05-14T14:30:31","date_gmt":"2019-05-14T14:30:31","guid":{"rendered":"https:\/\/sosidiomas.com\/?page_id=2788"},"modified":"2024-05-07T16:55:17","modified_gmt":"2024-05-07T16:55:17","slug":"simultaneous-interpretation-booths","status":"publish","type":"page","link":"https:\/\/sosidiomas.com\/en\/simultaneous-interpretation-booths\/","title":{"rendered":"Simultaneous interpretation booths"},"content":{"rendered":"","protected":false},"excerpt":{"rendered":"","protected":false},"author":5,"featured_media":0,"parent":0,"menu_order":0,"comment_status":"closed","ping_status":"closed","template":"","meta":{"footnotes":""},"yoast_head":"<!-- This site is optimized with the Yoast SEO plugin v22.6 - https:\/\/yoast.com\/wordpress\/plugins\/seo\/ -->\n<title>Cabinas de interpretaci\u00f3n simult\u00e1nea en Santiago, Las Conde<\/title>\n<meta name=\"description\" content=\"Cabinas de interpretaci\u00f3n simult\u00e1nea las condes, Cabinas de interpretaci\u00f3n simult\u00e1nea santiago, Cabina de interpretaci\u00f3n simultanea\" \/>\n<meta name=\"robots\" content=\"index, follow, max-snippet:-1, max-image-preview:large, max-video-preview:-1\" \/>\n<link rel=\"canonical\" href=\"https:\/\/sosidiomas.com\/en\/simultaneous-interpretation-booths\/\" \/>\n<meta property=\"og:locale\" content=\"en_US\" \/>\n<meta property=\"og:type\" content=\"article\" \/>\n<meta property=\"og:title\" content=\"Cabinas de interpretaci\u00f3n simult\u00e1nea en Santiago, Las Conde\" \/>\n<meta property=\"og:description\" content=\"Cabinas de interpretaci\u00f3n simult\u00e1nea las condes, Cabinas de interpretaci\u00f3n simult\u00e1nea santiago, Cabina de interpretaci\u00f3n simultanea\" \/>\n<meta property=\"og:url\" content=\"https:\/\/sosidiomas.com\/en\/simultaneous-interpretation-booths\/\" \/>\n<meta property=\"og:site_name\" content=\"Home\" \/>\n<meta property=\"article:modified_time\" content=\"2024-05-07T16:55:17+00:00\" \/>\n<meta name=\"twitter:card\" content=\"summary_large_image\" \/>\n<script type=\"application\/ld+json\" class=\"yoast-schema-graph\">{\"@context\":\"https:\/\/schema.org\",\"@graph\":[{\"@type\":\"WebPage\",\"@id\":\"https:\/\/sosidiomas.com\/cabinas-de-interpretacion-simultanea\/\",\"url\":\"https:\/\/sosidiomas.com\/en\/simultaneous-interpretation-booths\/\",\"name\":\"Cabinas de interpretaci\u00f3n simult\u00e1nea en Santiago, Las Conde\",\"isPartOf\":{\"@id\":\"https:\/\/sosidiomas.com\/#website\"},\"datePublished\":\"2019-05-14T14:30:31+00:00\",\"dateModified\":\"2024-05-07T16:55:17+00:00\",\"description\":\"Cabinas de interpretaci\u00f3n simult\u00e1nea las condes, Cabinas de interpretaci\u00f3n simult\u00e1nea santiago, Cabina de interpretaci\u00f3n simultanea\",\"breadcrumb\":{\"@id\":\"https:\/\/sosidiomas.com\/en\/simultaneous-interpretation-booths\/#breadcrumb\"},\"inLanguage\":\"en-US\",\"potentialAction\":[{\"@type\":\"ReadAction\",\"target\":[\"https:\/\/sosidiomas.com\/en\/simultaneous-interpretation-booths\/\"]}]},{\"@type\":\"BreadcrumbList\",\"@id\":\"https:\/\/sosidiomas.com\/en\/simultaneous-interpretation-booths\/#breadcrumb\",\"itemListElement\":[{\"@type\":\"ListItem\",\"position\":1,\"name\":\"Portada\",\"item\":\"https:\/\/sosidiomas.com\/en\/\"},{\"@type\":\"ListItem\",\"position\":2,\"name\":\"Simultaneous interpretation booths\"}]},{\"@type\":\"WebSite\",\"@id\":\"https:\/\/sosidiomas.com\/#website\",\"url\":\"https:\/\/sosidiomas.com\/\",\"name\":\"SOS Idiomas\",\"description\":\"Otro sitio realizado con WordPress\",\"publisher\":{\"@id\":\"https:\/\/sosidiomas.com\/#organization\"},\"alternateName\":\"SOS Idiomas\",\"potentialAction\":[{\"@type\":\"SearchAction\",\"target\":{\"@type\":\"EntryPoint\",\"urlTemplate\":\"https:\/\/sosidiomas.com\/?s={search_term_string}\"},\"query-input\":\"required name=search_term_string\"}],\"inLanguage\":\"en-US\"},{\"@type\":\"Organization\",\"@id\":\"https:\/\/sosidiomas.com\/#organization\",\"name\":\"SOS Idiomas\",\"alternateName\":\"SOS Idiomas\",\"url\":\"https:\/\/sosidiomas.com\/\",\"logo\":{\"@type\":\"ImageObject\",\"inLanguage\":\"en-US\",\"@id\":\"https:\/\/sosidiomas.com\/#\/schema\/logo\/image\/\",\"url\":\"https:\/\/sosidiomas.com\/wp-content\/uploads\/2018\/03\/logo-med.png\",\"contentUrl\":\"https:\/\/sosidiomas.com\/wp-content\/uploads\/2018\/03\/logo-med.png\",\"width\":510,\"height\":100,\"caption\":\"SOS Idiomas\"},\"image\":{\"@id\":\"https:\/\/sosidiomas.com\/#\/schema\/logo\/image\/\"}}]}<\/script>\n<!-- \/ Yoast SEO plugin. -->","yoast_head_json":{"title":"Cabinas de interpretaci\u00f3n simult\u00e1nea en Santiago, Las Conde","description":"Cabinas de interpretaci\u00f3n simult\u00e1nea las condes, Cabinas de interpretaci\u00f3n simult\u00e1nea santiago, Cabina de interpretaci\u00f3n simultanea","robots":{"index":"index","follow":"follow","max-snippet":"max-snippet:-1","max-image-preview":"max-image-preview:large","max-video-preview":"max-video-preview:-1"},"canonical":"https:\/\/sosidiomas.com\/en\/simultaneous-interpretation-booths\/","og_locale":"en_US","og_type":"article","og_title":"Cabinas de interpretaci\u00f3n simult\u00e1nea en Santiago, Las Conde","og_description":"Cabinas de interpretaci\u00f3n simult\u00e1nea las condes, Cabinas de interpretaci\u00f3n simult\u00e1nea santiago, Cabina de interpretaci\u00f3n simultanea","og_url":"https:\/\/sosidiomas.com\/en\/simultaneous-interpretation-booths\/","og_site_name":"Home","article_modified_time":"2024-05-07T16:55:17+00:00","twitter_card":"summary_large_image","schema":{"@context":"https:\/\/schema.org","@graph":[{"@type":"WebPage","@id":"https:\/\/sosidiomas.com\/cabinas-de-interpretacion-simultanea\/","url":"https:\/\/sosidiomas.com\/en\/simultaneous-interpretation-booths\/","name":"Cabinas de interpretaci\u00f3n simult\u00e1nea en Santiago, Las Conde","isPartOf":{"@id":"https:\/\/sosidiomas.com\/#website"},"datePublished":"2019-05-14T14:30:31+00:00","dateModified":"2024-05-07T16:55:17+00:00","description":"Cabinas de interpretaci\u00f3n simult\u00e1nea las condes, Cabinas de interpretaci\u00f3n simult\u00e1nea santiago, Cabina de interpretaci\u00f3n simultanea","breadcrumb":{"@id":"https:\/\/sosidiomas.com\/en\/simultaneous-interpretation-booths\/#breadcrumb"},"inLanguage":"en-US","potentialAction":[{"@type":"ReadAction","target":["https:\/\/sosidiomas.com\/en\/simultaneous-interpretation-booths\/"]}]},{"@type":"BreadcrumbList","@id":"https:\/\/sosidiomas.com\/en\/simultaneous-interpretation-booths\/#breadcrumb","itemListElement":[{"@type":"ListItem","position":1,"name":"Portada","item":"https:\/\/sosidiomas.com\/en\/"},{"@type":"ListItem","position":2,"name":"Simultaneous interpretation booths"}]},{"@type":"WebSite","@id":"https:\/\/sosidiomas.com\/#website","url":"https:\/\/sosidiomas.com\/","name":"SOS Idiomas","description":"Otro sitio realizado con WordPress","publisher":{"@id":"https:\/\/sosidiomas.com\/#organization"},"alternateName":"SOS Idiomas","potentialAction":[{"@type":"SearchAction","target":{"@type":"EntryPoint","urlTemplate":"https:\/\/sosidiomas.com\/?s={search_term_string}"},"query-input":"required name=search_term_string"}],"inLanguage":"en-US"},{"@type":"Organization","@id":"https:\/\/sosidiomas.com\/#organization","name":"SOS Idiomas","alternateName":"SOS Idiomas","url":"https:\/\/sosidiomas.com\/","logo":{"@type":"ImageObject","inLanguage":"en-US","@id":"https:\/\/sosidiomas.com\/#\/schema\/logo\/image\/","url":"https:\/\/sosidiomas.com\/wp-content\/uploads\/2018\/03\/logo-med.png","contentUrl":"https:\/\/sosidiomas.com\/wp-content\/uploads\/2018\/03\/logo-med.png","width":510,"height":100,"caption":"SOS Idiomas"},"image":{"@id":"https:\/\/sosidiomas.com\/#\/schema\/logo\/image\/"}}]}},"_links":{"self":[{"href":"https:\/\/sosidiomas.com\/en\/wp-json\/wp\/v2\/pages\/2788"}],"collection":[{"href":"https:\/\/sosidiomas.com\/en\/wp-json\/wp\/v2\/pages"}],"about":[{"href":"https:\/\/sosidiomas.com\/en\/wp-json\/wp\/v2\/types\/page"}],"author":[{"embeddable":true,"href":"https:\/\/sosidiomas.com\/en\/wp-json\/wp\/v2\/users\/5"}],"replies":[{"embeddable":true,"href":"https:\/\/sosidiomas.com\/en\/wp-json\/wp\/v2\/comments?post=2788"}],"version-history":[{"count":1,"href":"https:\/\/sosidiomas.com\/en\/wp-json\/wp\/v2\/pages\/2788\/revisions"}],"predecessor-version":[{"id":2794,"href":"https:\/\/sosidiomas.com\/en\/wp-json\/wp\/v2\/pages\/2788\/revisions\/2794"}],"wp:attachment":[{"href":"https:\/\/sosidiomas.com\/en\/wp-json\/wp\/v2\/media?parent=2788"}],"curies":[{"name":"wp","href":"https:\/\/api.w.org\/{rel}","templated":true}]}}